{"id":1712,"date":"2017-06-27T17:42:12","date_gmt":"2017-06-27T17:42:12","guid":{"rendered":"http:\/\/www.lionelprado.com\/en\/?page_id=1712"},"modified":"2017-06-27T17:42:48","modified_gmt":"2017-06-27T17:42:48","slug":"terms-of-sales","status":"publish","type":"page","link":"https:\/\/www.lionelprado.com\/en\/terms-of-sales\/","title":{"rendered":"Terms of Sales"},"content":{"rendered":"<h2>PR\u00c9AMBULE<\/h2>\n<p>Les pr\u00e9sentes \u00ab Conditions G\u00e9n\u00e9rales de Vente \u00bb s&#8217;appliquent aux op\u00e9rations juridiques portant sur les produits commercialis\u00e9s aupr\u00e8s de ses clients par LIONEL PRADO au sein de sa boutique virtuelle.<\/p>\n<h2>D\u00c9FINITIONS :<\/h2>\n<p>Les mots ou expressions ci-apr\u00e8s auront dans le cadre des pr\u00e9sentes la signification suivante :<\/p>\n<p>Boutique Internet : d\u00e9signe le site Internet de LIONEL PRADO sur lequel les Produits sont pr\u00e9sent\u00e9s et vendus aux clients.<\/p>\n<p>Commande : d\u00e9signe le contrat de vente conclu entre LIONEL PRADO et le client de la boutique Internet de LIONEL PRADO.<\/p>\n<p>Fiche produit : d\u00e9signe les informations class\u00e9es concernant un produit fournies par LIONEL PRADO lors de la mise en vente dudit produit dans sa boutique internet.<\/p>\n<p>Produits : d\u00e9signe l&#8217;ensemble des biens et services mis en vente par LIONEL PRADO dans sa boutique internet.<\/p>\n<p>Service : d\u00e9signe la vente de Produits par LIONEL PRADO aux clients de sa Boutique internet.<\/p>\n<p>Transaction : d\u00e9signe l&#8217;ensemble des op\u00e9rations, traitements s\u00e9curis\u00e9s, autorisations et accords inh\u00e9rents au paiement du prix des Produits command\u00e9s par carte bancaire.<\/p>\n<h2>ARTICLE 1 &#8211; OBJET<\/h2>\n<p>Les pr\u00e9sentes Conditions G\u00e9n\u00e9rales de Vente ont pour objet de d\u00e9finir les termes et conditions auxquels LIONEL PRADO propose et vend ses Produits \u00e0 ses clients.<br \/>\nCes conditions g\u00e9n\u00e9rales de vente pr\u00e9vaudront sur toutes autres conditions figurant dans tout autre document, sauf d\u00e9rogation pr\u00e9alable, expresse et \u00e9crite.<\/p>\n<h2>ARTICLE 2 &#8211; ACCEPTATION DES CONDITIONS<\/h2>\n<p>Le client reconna\u00eet avoir pris connaissance, au moment de la passation de Commande, des pr\u00e9sentes conditions g\u00e9n\u00e9rales de vente et d\u00e9clare express\u00e9ment les accepter sans r\u00e9serve.<br \/>\nLes pr\u00e9sentes conditions g\u00e9n\u00e9rales de vente r\u00e9gissent les relations contractuelles entre LIONEL PRADO et son client, les deux parties les acceptant sans r\u00e9serve.<\/p>\n<h2>ARTICLE 3 &#8211; PRODUITS<\/h2>\n<p>La majorit\u00e9 des produits propos\u00e9s par LIONEL PRADO \u00e0 ses clients est imm\u00e9diatement disponible.<br \/>\nCependant, tous les produits commercialis\u00e9s par LIONEL PRADO peuvent ou ne peuvent pas forc\u00e9ment faire l&#8217;objet de vente en ligne.<\/p>\n<h2>ARTICLE 4 &#8211; COMMANDE<\/h2>\n<p>Les syst\u00e8mes d&#8217;enregistrement automatique sont consid\u00e9r\u00e9s comme valant preuve de la nature, du contenu et de la date de la Commande.<\/p>\n<p>LIONEL PRADO confirmera au client l&#8217;acceptation de sa Commande par l&#8217;envoi d&#8217;un message de confirmation \u00e0 l&#8217;adresse mail que ce dernier aura communiqu\u00e9. La vente ne sera conclue qu&#8217;\u00e0 compter de l&#8217;envoi de ladite confirmation de commande.<\/p>\n<p>LIONEL PRADO se r\u00e9serve le droit de refuser ou d&#8217;annuler toute Commande d&#8217;un client notamment en cas d&#8217;insolvabilit\u00e9 dudit client ou dans l&#8217;hypoth\u00e8se d&#8217;un d\u00e9faut de paiement de la Commande concern\u00e9e ou d&#8217;une livraison ant\u00e9rieure ou d&#8217;un litige relatif au paiement d&#8217;une commande ant\u00e9rieure.<\/p>\n<p>Les mentions indiqu\u00e9es par le client, lors de la saisie des informations inh\u00e9rentes \u00e0 sa Commande engagent celui-ci. LIONEL PRADO ne saurait \u00eatre tenu responsable des erreurs commises par le client dans le libell\u00e9 des coordonn\u00e9es du destinataire de la Commande (adresse de livraison, adresse de facturation notamment) et des retards de livraison ou de l&#8217;impossibilit\u00e9 de livrer les Produits command\u00e9s que ces erreurs pourraient engendrer.<\/p>\n<h2>ARTICLE 5 &#8211; LIVRAISON<\/h2>\n<p>Apr\u00e8s confirmation de la Commande et sous r\u00e9serve de parfait paiement du prix des produits command\u00e9s, LIONEL PRADO s&#8217;engage \u00e0 exp\u00e9dier \u00e0 son client les produits command\u00e9s \u00e0 l&#8217;adresse de livraison dans un d\u00e9lai de 2 \u00e0 7 jours ouvr\u00e9s.<\/p>\n<p>Tous les Produits stipul\u00e9s dans les Commandes pass\u00e9es \u00e0 LIONEL PRADO sont destin\u00e9s \u00e0 l&#8217;usage personnel des clients ou des destinataires dont le nom est mentionn\u00e9 \u00e0 l&#8217;adresse de livraison.<\/p>\n<p>Le cas \u00e9ch\u00e9ant, le client s&#8217;engage \u00e0 r\u00e9gler \u00e0 r\u00e9ception, toutes les taxes, droits, imp\u00f4ts et autres charges pr\u00e9sents et \u00e0 venir dus au titre de la livraison desdits produits eux-m\u00eames; la responsabilit\u00e9 solidaire de LIONEL PRADO ne pouvant \u00e0 aucun moment \u00eatre engag\u00e9e \u00e0 ce titre.<\/p>\n<p>Les clients ou les destinataires des Produits s&#8217;interdisent toute revente partielle ou totale des Produits.<\/p>\n<p>La livraison sera effectu\u00e9e par La Poste en colissimo.<\/p>\n<p>En cas de retard de livraison exc\u00e9dant sept (7) jours, le Client pourra, s\u2019il le souhaite, et sauf cas de force majeure, d\u00e9noncer le contrat de vente par lettre recommand\u00e9e avec demande d\u2019avis de r\u00e9ception. Ce droit devra toutefois \u00eatre exerc\u00e9 dans un d\u00e9lai de soixante (60) jours ouvr\u00e9s \u00e0 compter de la date de livraison initialement pr\u00e9vue au contrat.<\/p>\n<p>A r\u00e9ception des Produits command\u00e9s, le client ou le destinataire devra v\u00e9rifier le bon fonctionnement du bien livr\u00e9, et prendra connaissance de ses conditions d&#8217;emploi figurant sur la notice d&#8217;utilisation qui lui est fournie.<\/p>\n<p>Dans l&#8217;hypoth\u00e8se o\u00f9 l&#8217;un ou plusieurs des Produits command\u00e9s seraient manquants ou d\u00e9t\u00e9rior\u00e9s, le client ou le destinataire doit faire d&#8217;\u00e9ventuelles r\u00e9serves aupr\u00e8s du transporteur, au moment de la livraison.<\/p>\n<p>En cas de d\u00e9fauts apparents, le client b\u00e9n\u00e9ficie du droit de retour dans les conditions pr\u00e9vues dans la notice d&#8217;utilisation du bien.<\/p>\n<p>Pour des raisons de disponibilit\u00e9 des Produits command\u00e9s, une Commande pourra faire l&#8217;objet de plusieurs livraisons successives au client.<\/p>\n<p>Dans l&#8217;hypoth\u00e8se o\u00f9 le client souhaiterait que les Produits command\u00e9s soient livr\u00e9s \u00e0 deux adresses distinctes, il conviendra que ce dernier passe 2 Commandes distinctes.<\/p>\n<h2>ARTICLE 6 &#8211; R\u00c9TRACTATION<\/h2>\n<p>Le client dispose d&#8217;un d\u00e9lai de 14 jours jours \u00e0 compter de la r\u00e9ception des Produits command\u00e9s pour les retourner \u00e0 LIONEL PRADO contre \u00e9change ou remboursement. Dans cette hypoth\u00e8se, le client devra renvoyer les Produits neufs, intacts, accompagn\u00e9s de tous les accessoires \u00e9ventuels, notices d&#8217;utilisation et documentations \u00e0 l&#8217;adresse suivante :<\/p>\n<p>Cyril GIROUD d&#8217;ARGOUD<br \/>\n900 route de Cannes<br \/>\nLa colline du soleil 1<br \/>\n06560 VALBONNE<\/p>\n<p>En cas d&#8217;exercice du droit de r\u00e9tractation, LIONEL PRADO s&#8217;engage \u00e0 rembourser les sommes vers\u00e9es par le client, sans frais, \u00e0 l&#8217;exception des frais de retour.<\/p>\n<p>Le remboursement est d\u00fb dans un d\u00e9lai maximum de 14 jours.<\/p>\n<h2>ARTICLE 7 &#8211; PRIX<\/h2>\n<p>Le prix est exprim\u00e9 en euro.<\/p>\n<p>Le prix indiqu\u00e9 sur les Fiches produit ne comprend pas les frais inh\u00e9rents au transport.<\/p>\n<p>Le prix indiqu\u00e9 dans la confirmation de Commande est le prix d\u00e9finitif exprim\u00e9 toutes taxes comprises et incluant la TVA. Ce prix comprend le prix des Produits, les frais de manutention, d&#8217;emballage et de conservation des Produits, les frais de transport et de mise en service.<\/p>\n<h2>ARTICLE 8 &#8211; PAIEMENT<\/h2>\n<p>Le prix factur\u00e9 au client est le prix indiqu\u00e9 sur la confirmation de Commande adress\u00e9e par LIONEL PRADO.<\/p>\n<p>Le prix des Produits est payable au comptant par un des moyens de paiement propos\u00e9 sur le site le jour de la commande effective.<\/p>\n<p>La Commande valid\u00e9e par le client ne sera consid\u00e9r\u00e9e comme effective que lorsque le centre de paiement bancaire s\u00e9curis\u00e9 aura donn\u00e9 son accord sur la transaction et, le cas \u00e9ch\u00e9ant, apr\u00e8s acceptation de prise en charge du risque par l&#8217;assureur.<\/p>\n<h2>ARTICLE 9 &#8211; LOI APPLICABLE<\/h2>\n<p>Les pr\u00e9sentes conditions g\u00e9n\u00e9rales de vente sont soumises au droit fran\u00e7ais.<\/p>\n<h2>ARTICLE 10 &#8211; RESPONSABILIT\u00c9<\/h2>\n<p>LIONEL PRADO ne peut \u00eatre tenu pour responsable des dommages de toute nature, tant mat\u00e9riels qu&#8217;immat\u00e9riels ou corporels, qui pourraient r\u00e9sulter d&#8217;un mauvais fonctionnement ou de la mauvaise utilisation des Produits commercialis\u00e9s.<\/p>\n<p>La responsabilit\u00e9 de LIONEL PRADO sera, en tout \u00e9tat de cause, limit\u00e9e au montant de la commande. En cas de difficult\u00e9s dans l&#8217;application du pr\u00e9sent contrat, le client et LIONEL PRADO se r\u00e9servent la possibilit\u00e9, avant toute action en justice, de rechercher une solution amiable.<\/p>\n<p>A d\u00e9faut, pour les clients professionnels, le Tribunal de Commerce de Grasse est seul comp\u00e9tent, quels que soient le lieu de livraison et le mode de paiement accept\u00e9.<\/p>\n<h2>ARTICLE 11 &#8211; GARANTIE<\/h2>\n<p>Dans tous les cas LIONEL PRADO ne pourra \u00eatre tenu pour responsable du non-respect des dispositions r\u00e9glementaires et l\u00e9gislatives en vigueur dans le pays de r\u00e9ception. La responsabilit\u00e9 de LIONEL PRADO est syst\u00e9matiquement limit\u00e9e \u00e0 la valeur du Produit mis en cause d\u00e9termin\u00e9e \u00e0 la date de sa vente et ce sans possibilit\u00e9 de recours envers la marque ou la soci\u00e9t\u00e9 productrice du produit.<\/p>\n<p>Le client pourra contacter LIONEL PRADO par mail \u00e0 l&#8217;adresse contact (at) lionelprado.com<\/p>\n<h2>ARTICLES 12 &#8211; INFORMATIONS L\u00c9GALES<\/h2>\n<p>Le renseignement des informations nominatives collect\u00e9es aux fins de la vente \u00e0 distance est obligatoire, ces informations \u00e9tant indispensables pour le traitement et l&#8217;acheminement des commandes, l&#8217;\u00e9tablissement des factures et des contrats de garantie. Le d\u00e9faut de renseignement entra\u00eene la non-validation de la Commande.<\/p>\n<p>Conform\u00e9ment \u00e0 la loi &#8221; Informatique et Libert\u00e9s &#8220;, le traitement des informations nominatives relatives aux clients a fait l&#8217;objet d&#8217;une d\u00e9claration aupr\u00e8s de la Commission Nationale de l&#8217;Informatique et des Libert\u00e9s (CNIL).<\/p>\n<p>Le client dispose (article 34 de la loi du 6 janvier 1978) d&#8217;un droit d&#8217;acc\u00e8s, de modification, de rectification et de suppression des donn\u00e9es qui le concernent, qu&#8217;il peut exercer aupr\u00e8s de Store-Factory. De plus, LIONEL PRADO s&#8217;engage \u00e0 ne pas communiquer, gratuitement ou avec contrepartie, les coordonn\u00e9es de ses clients \u00e0 un tiers.<\/p>\n","protected":false},"excerpt":{"rendered":"PR\u00c9AMBULE Les pr\u00e9sentes \u00ab Conditions G\u00e9n\u00e9rales de Vente \u00bb s&#8217;appliquent aux op\u00e9rations juridiques portant sur les produits commercialis\u00e9s aupr\u00e8s de ses clients par LIONEL PRADO au sein de sa boutique virtuelle. D\u00c9FINITIONS : Les mots ou expressions ci-apr\u00e8s auront dans le cadre des pr\u00e9sentes la signification suivante : Boutique Internet : d\u00e9signe le site Internet&#8230; <a class=\"view-article\" href=\"https:\/\/www.lionelprado.com\/en\/terms-of-sales\/\">View Article<\/a>","protected":false},"author":1,"featured_media":0,"parent":0,"menu_order":0,"comment_status":"closed","ping_status":"closed","template":"","meta":{"footnotes":""},"class_list":["post-1712","page","type-page","status-publish","hentry"],"yoast_head":"<!-- This site is optimized with the Yoast SEO plugin v27.4 - https:\/\/yoast.com\/product\/yoast-seo-wordpress\/ -->\n<title>Terms of Sales | Lionel Prado | Author Photographer influenced by nature<\/title>\n<meta name=\"robots\" content=\"index, follow, max-snippet:-1, max-image-preview:large, max-video-preview:-1\" \/>\n<link rel=\"canonical\" href=\"https:\/\/www.lionelprado.com\/en\/terms-of-sales\/\" \/>\n<meta property=\"og:locale\" content=\"en_US\" \/>\n<meta property=\"og:type\" content=\"article\" \/>\n<meta property=\"og:title\" content=\"Terms of Sales | Lionel Prado | Author Photographer influenced by nature\" \/>\n<meta property=\"og:description\" content=\"PR\u00c9AMBULE Les pr\u00e9sentes \u00ab Conditions G\u00e9n\u00e9rales de Vente \u00bb s&#8217;appliquent aux op\u00e9rations juridiques portant sur les produits commercialis\u00e9s aupr\u00e8s de ses clients par LIONEL PRADO au sein de sa boutique virtuelle. D\u00c9FINITIONS : Les mots ou expressions ci-apr\u00e8s auront dans le cadre des pr\u00e9sentes la signification suivante : Boutique Internet : d\u00e9signe le site Internet... View Article\" \/>\n<meta property=\"og:url\" content=\"https:\/\/www.lionelprado.com\/en\/terms-of-sales\/\" \/>\n<meta property=\"og:site_name\" content=\"Lionel Prado | Author Photographer influenced by nature\" \/>\n<meta property=\"article:publisher\" content=\"https:\/\/www.facebook.com\/LionelPrado\/\" \/>\n<meta property=\"article:modified_time\" content=\"2017-06-27T17:42:48+00:00\" \/>\n<meta property=\"og:image\" content=\"https:\/\/www.lionelprado.com\/wp-content\/uploads\/2020\/01\/stages_animalier.jpg\" \/>\n\t<meta property=\"og:image:width\" content=\"1200\" \/>\n\t<meta property=\"og:image:height\" content=\"630\" \/>\n\t<meta property=\"og:image:type\" content=\"image\/jpeg\" \/>\n<meta name=\"twitter:label1\" content=\"Est. reading time\" \/>\n\t<meta name=\"twitter:data1\" content=\"8 minutes\" \/>\n<script type=\"application\/ld+json\" class=\"yoast-schema-graph\">{\"@context\":\"https:\\\/\\\/schema.org\",\"@graph\":[{\"@type\":\"WebPage\",\"@id\":\"https:\\\/\\\/www.lionelprado.com\\\/en\\\/terms-of-sales\\\/\",\"url\":\"https:\\\/\\\/www.lionelprado.com\\\/en\\\/terms-of-sales\\\/\",\"name\":\"Terms of Sales | Lionel Prado | Author Photographer influenced by nature\",\"isPartOf\":{\"@id\":\"https:\\\/\\\/www.lionelprado.com\\\/#website\"},\"datePublished\":\"2017-06-27T17:42:12+00:00\",\"dateModified\":\"2017-06-27T17:42:48+00:00\",\"breadcrumb\":{\"@id\":\"https:\\\/\\\/www.lionelprado.com\\\/en\\\/terms-of-sales\\\/#breadcrumb\"},\"inLanguage\":\"en-US\",\"potentialAction\":[{\"@type\":\"ReadAction\",\"target\":[\"https:\\\/\\\/www.lionelprado.com\\\/en\\\/terms-of-sales\\\/\"]}]},{\"@type\":\"BreadcrumbList\",\"@id\":\"https:\\\/\\\/www.lionelprado.com\\\/en\\\/terms-of-sales\\\/#breadcrumb\",\"itemListElement\":[{\"@type\":\"ListItem\",\"position\":1,\"name\":\"Accueil\",\"item\":\"https:\\\/\\\/www.lionelprado.com\\\/\"},{\"@type\":\"ListItem\",\"position\":2,\"name\":\"Terms of Sales\"}]},{\"@type\":\"WebSite\",\"@id\":\"https:\\\/\\\/www.lionelprado.com\\\/#website\",\"url\":\"https:\\\/\\\/www.lionelprado.com\\\/\",\"name\":\"Lionel Prado | Author Photographer influenced by nature\",\"description\":\"Young self-taught from the southern french Alps, who has always been influenced by nature, especially by original atmospheres.\",\"potentialAction\":[{\"@type\":\"SearchAction\",\"target\":{\"@type\":\"EntryPoint\",\"urlTemplate\":\"https:\\\/\\\/www.lionelprado.com\\\/?s={search_term_string}\"},\"query-input\":{\"@type\":\"PropertyValueSpecification\",\"valueRequired\":true,\"valueName\":\"search_term_string\"}}],\"inLanguage\":\"en-US\"}]}<\/script>\n<!-- \/ Yoast SEO plugin. -->","yoast_head_json":{"title":"Terms of Sales | Lionel Prado | Author Photographer influenced by nature","robots":{"index":"index","follow":"follow","max-snippet":"max-snippet:-1","max-image-preview":"max-image-preview:large","max-video-preview":"max-video-preview:-1"},"canonical":"https:\/\/www.lionelprado.com\/en\/terms-of-sales\/","og_locale":"en_US","og_type":"article","og_title":"Terms of Sales | Lionel Prado | Author Photographer influenced by nature","og_description":"PR\u00c9AMBULE Les pr\u00e9sentes \u00ab Conditions G\u00e9n\u00e9rales de Vente \u00bb s&#8217;appliquent aux op\u00e9rations juridiques portant sur les produits commercialis\u00e9s aupr\u00e8s de ses clients par LIONEL PRADO au sein de sa boutique virtuelle. D\u00c9FINITIONS : Les mots ou expressions ci-apr\u00e8s auront dans le cadre des pr\u00e9sentes la signification suivante : Boutique Internet : d\u00e9signe le site Internet... View Article","og_url":"https:\/\/www.lionelprado.com\/en\/terms-of-sales\/","og_site_name":"Lionel Prado | Author Photographer influenced by nature","article_publisher":"https:\/\/www.facebook.com\/LionelPrado\/","article_modified_time":"2017-06-27T17:42:48+00:00","og_image":[{"width":1200,"height":630,"url":"https:\/\/www.lionelprado.com\/wp-content\/uploads\/2020\/01\/stages_animalier.jpg","type":"image\/jpeg"}],"twitter_misc":{"Est. reading time":"8 minutes"},"schema":{"@context":"https:\/\/schema.org","@graph":[{"@type":"WebPage","@id":"https:\/\/www.lionelprado.com\/en\/terms-of-sales\/","url":"https:\/\/www.lionelprado.com\/en\/terms-of-sales\/","name":"Terms of Sales | Lionel Prado | Author Photographer influenced by nature","isPartOf":{"@id":"https:\/\/www.lionelprado.com\/#website"},"datePublished":"2017-06-27T17:42:12+00:00","dateModified":"2017-06-27T17:42:48+00:00","breadcrumb":{"@id":"https:\/\/www.lionelprado.com\/en\/terms-of-sales\/#breadcrumb"},"inLanguage":"en-US","potentialAction":[{"@type":"ReadAction","target":["https:\/\/www.lionelprado.com\/en\/terms-of-sales\/"]}]},{"@type":"BreadcrumbList","@id":"https:\/\/www.lionelprado.com\/en\/terms-of-sales\/#breadcrumb","itemListElement":[{"@type":"ListItem","position":1,"name":"Accueil","item":"https:\/\/www.lionelprado.com\/"},{"@type":"ListItem","position":2,"name":"Terms of Sales"}]},{"@type":"WebSite","@id":"https:\/\/www.lionelprado.com\/#website","url":"https:\/\/www.lionelprado.com\/","name":"Lionel Prado | Author Photographer influenced by nature","description":"Young self-taught from the southern french Alps, who has always been influenced by nature, especially by original atmospheres.","potentialAction":[{"@type":"SearchAction","target":{"@type":"EntryPoint","urlTemplate":"https:\/\/www.lionelprado.com\/?s={search_term_string}"},"query-input":{"@type":"PropertyValueSpecification","valueRequired":true,"valueName":"search_term_string"}}],"inLanguage":"en-US"}]}},"_links":{"self":[{"href":"https:\/\/www.lionelprado.com\/en\/wp-json\/wp\/v2\/pages\/1712\/"}],"collection":[{"href":"https:\/\/www.lionelprado.com\/en\/wp-json\/wp\/v2\/pages\/"}],"about":[{"href":"https:\/\/www.lionelprado.com\/en\/wp-json\/wp\/v2\/types\/page\/"}],"author":[{"embeddable":true,"href":"https:\/\/www.lionelprado.com\/en\/wp-json\/wp\/v2\/users\/1\/"}],"replies":[{"embeddable":true,"href":"https:\/\/www.lionelprado.com\/en\/wp-json\/wp\/v2\/comments\/?post=1712"}],"version-history":[{"count":2,"href":"https:\/\/www.lionelprado.com\/en\/wp-json\/wp\/v2\/pages\/1712\/revisions\/"}],"predecessor-version":[{"id":1714,"href":"https:\/\/www.lionelprado.com\/en\/wp-json\/wp\/v2\/pages\/1712\/revisions\/1714\/"}],"wp:attachment":[{"href":"https:\/\/www.lionelprado.com\/en\/wp-json\/wp\/v2\/media\/?parent=1712"}],"curies":[{"name":"wp","href":"https:\/\/api.w.org\/{rel}","templated":true}]}}