{"id":2705,"date":"2018-03-23T16:46:34","date_gmt":"2018-03-23T16:46:34","guid":{"rendered":"http:\/\/www.lionelprado.com\/en\/?page_id=2705"},"modified":"2019-11-12T10:18:07","modified_gmt":"2019-11-12T10:18:07","slug":"legal-mentions-2","status":"publish","type":"page","link":"https:\/\/www.lionelprado.com\/en\/legal-mentions-2\/","title":{"rendered":"Legal Mentions"},"content":{"rendered":"<h2>\u00c9diteur<\/h2>\n<p>Le site web www.lionelprado.com est \u00e9dit\u00e9 par : LIONEL PRADO 900 route de Cannes CS1 06560 VALBONNE<br \/>\nDirecteur de publication : Lionel PRADO<br \/>\nPublicit\u00e9 : Aucune publicit\u00e9 n\u2019est admise et affich\u00e9e sur ce site.<\/p>\n<h2>Confidentialit\u00e9<\/h2>\n<p>Les informations personnelles concernant les visiteurs de notre site, y compris leur identit\u00e9, sont confidentielles. Le responsable du site s\u2019engage sur l\u2019honneur \u00e0 respecter les conditions l\u00e9gales de confidentialit\u00e9 applicables en France et \u00e0 ne pas divulguer ces informations \u00e0 des tiers.<\/p>\n<h2>Analyse de l\u2019audience du site<\/h2>\n<p>Ce site utilise Google Analytics pour analyser l\u2019audience du site et am\u00e9liorer son contenu. Pour plus d\u2019information sur les r\u00e8gles de confidentialit\u00e9 relatives \u00e0 l\u2019utilisation de Google Analytics, cliquez ici : http:\/\/www.google.com\/analytics\/terms\/fr.html<\/p>\n<h2>Cr\u00e9ation et h\u00e9bergement<\/h2>\n<p>Le site a \u00e9t\u00e9 cr\u00e9\u00e9 par Lionel PRADO.<br \/>\nLe site est h\u00e9berg\u00e9 et administr\u00e9 par la soci\u00e9t\u00e9 <a href=\"http:\/\/www.syscale.com\" target=\"_blank\" rel=\"noopener noreferrer\">Syscale<\/a><\/p>\n<h2>Cr\u00e9dit photos<\/h2>\n<p>Cr\u00e9dits photos : Lionel PRADO<\/p>\n<h2>Droit d\u2019auteur \u2013 Copyright<\/h2>\n<p>L\u2019ensemble de ce site rel\u00e8ve de la l\u00e9gislation fran\u00e7aise et internationale sur le droit d\u2019auteur et la propri\u00e9t\u00e9 intellectuelle. Tous les droits de reproduction sont r\u00e9serv\u00e9s, y compris pour les documents t\u00e9l\u00e9chargeables et les repr\u00e9sentations iconographiques et photographiques. La reproduction de tout ou partie de ce site sur un support \u00e9lectronique quel qu\u2019il soit est formellement interdite sauf autorisation expresse du directeur de publication. Vous pouvez contacter le secr\u00e9tariat de Lionel PRADO qui se chargera de transmettre votre demande et vous fera part de la r\u00e9ponse du directeur de publication.<\/p>\n<h2>Acc\u00e8s au site<\/h2>\n<p>L\u2019utilisateur de ce site reconna\u00eet disposer de la comp\u00e9tence et des moyens n\u00e9cessaires pour acc\u00e9der et utiliser ce site. Lionel PRADO ne saurait \u00eatre tenu responsable des \u00e9l\u00e9ments en dehors de son contr\u00f4le et des dommages qui pourraient \u00e9ventuellement \u00eatre subis par l\u2019environnement technique de l\u2019utilisateur et notamment, ses ordinateurs, logiciels, \u00e9quipements r\u00e9seaux et tout autre mat\u00e9riel utilis\u00e9 pour acc\u00e9der ou utiliser le service et\/ou les informations. Il est rappel\u00e9 que le fait d\u2019acc\u00e9der ou de se maintenir frauduleusement dans un syst\u00e8me informatique, d\u2019entraver ou de fausser le fonctionnement d\u2019un tel syst\u00e8me, d\u2019introduire ou de modifier frauduleusement des donn\u00e9es dans un syst\u00e8me informatique constituent des d\u00e9lits passibles de sanctions p\u00e9nales.<\/p>\n<h2>Contenu du site<\/h2>\n<p>Lionel PRADO se r\u00e9serve le droit de corriger, \u00e0 tout moment et sans pr\u00e9avis, le contenu de ce site. La reproduction des textes de ce site sur un support papier est autoris\u00e9e, tout particuli\u00e8rement dans le cadre p\u00e9dagogique, sous r\u00e9serve du respect des trois conditions suivantes : gratuit\u00e9 de la diffusion, respect de l\u2019int\u00e9grit\u00e9 des documents reproduits : pas de modification ni alt\u00e9ration d\u2019aucune sorte, citation claire et lisible de la source sous la forme suivante \u2013 par exemple \u2013 : \u00ab Ce document provient du site internet de Lionel PRADO \u2013 www.lionelprado.com \u2013 Les droits de reproduction sont r\u00e9serv\u00e9s et strictement limit\u00e9s \u00bb. L\u2019adresse internet du site doit imp\u00e9rativement figurer dans la r\u00e9f\u00e9rence. Pour d\u2019autres utilisations, veuillez nous consulter.<\/p>\n<h2>Liens Hypertextes<\/h2>\n<p>Le site de Lionel PRADO contient des liens hypertextes permettant l\u2019acc\u00e8s \u00e0 des sites qui ne sont pas \u00e9dit\u00e9s par Lionel PRADO . En cons\u00e9quence ce dernier ne saurait \u00eatre tenu pour responsable du contenu des sites auxquels l\u2019internaute aurait ainsi acc\u00e8s. La cr\u00e9ation de liens hypertextes vers le site de Lionel PRADO doit faire l\u2019objet d\u2019une autorisation pr\u00e9alable de l\u2019\u00e9diteur.<\/p>\n<h2>Cookies<\/h2>\n<p>L\u2019utilisateur est inform\u00e9 que lors de ses visites sur le site, un cookie peut s\u2019installer automatiquement et \u00eatre conserv\u00e9 temporairement en m\u00e9moire ou sur son disque dur. Un cookie est un \u00e9l\u00e9ment qui ne permet pas d\u2019identifier l\u2019utilisateur mais sert \u00e0 enregistrer des informations relatives \u00e0 la navigation de celui-ci sur le site internet. Les utilisateurs du site reconnaissent avoir \u00e9t\u00e9 inform\u00e9s de cette pratique et autorisent Lionel PRADO \u00e0 l\u2019employer. Ils pourront d\u00e9sactiver ce cookie par l\u2019interm\u00e9diaire des param\u00e8tres figurant au sein de leur logiciel de navigation.<\/p>\n<h2>Donn\u00e9es nominatives<\/h2>\n<p>Conform\u00e9ment \u00e0 l\u2019article 34 de la loi n\u00b078-17 du 6 janvier 1978 relative \u00e0 l\u2019informatique, aux fichiers et aux libert\u00e9s, l\u2019utilisateur dispose d\u2019un droit d\u2019acc\u00e8s, de modification, de rectification et de suppression des donn\u00e9es qui le concernent. Pour l\u2019exercer, l\u2019utilisateur peut contacter via la page contact du site ou en \u00e9crivant \u00e0 contact(at)lionelprado.com<\/p>\n<h2>Clause attributive de comp\u00e9tence<\/h2>\n<p>Ce site est soumis \u00e0 la loi fran\u00e7aise. En cas de litige, les tribunaux fran\u00e7ais seront seuls comp\u00e9tents.<\/p>\n","protected":false},"excerpt":{"rendered":"\u00c9diteur Le site web www.lionelprado.com est \u00e9dit\u00e9 par : LIONEL PRADO 900 route de Cannes CS1 06560 VALBONNE Directeur de publication : Lionel PRADO Publicit\u00e9 : Aucune publicit\u00e9 n\u2019est admise et affich\u00e9e sur ce site. Confidentialit\u00e9 Les informations personnelles concernant les visiteurs de notre site, y compris leur identit\u00e9, sont confidentielles. Le responsable du site&#8230; <a class=\"view-article\" href=\"https:\/\/www.lionelprado.com\/en\/legal-mentions-2\/\">View Article<\/a>","protected":false},"author":1,"featured_media":0,"parent":0,"menu_order":0,"comment_status":"closed","ping_status":"closed","template":"","meta":{"footnotes":""},"class_list":["post-2705","page","type-page","status-publish","hentry"],"yoast_head":"<!-- This site is optimized with the Yoast SEO plugin v27.6 - https:\/\/yoast.com\/product\/yoast-seo-wordpress\/ -->\n<title>Legal Mentions | Lionel Prado | Author Photographer influenced by nature<\/title>\n<meta name=\"robots\" content=\"index, follow, max-snippet:-1, max-image-preview:large, max-video-preview:-1\" \/>\n<link rel=\"canonical\" href=\"https:\/\/www.lionelprado.com\/en\/mentions-legales\/\" \/>\n<meta property=\"og:locale\" content=\"en_US\" \/>\n<meta property=\"og:type\" content=\"article\" \/>\n<meta property=\"og:title\" content=\"Legal Mentions | Lionel Prado | Author Photographer influenced by nature\" \/>\n<meta property=\"og:description\" content=\"\u00c9diteur Le site web www.lionelprado.com est \u00e9dit\u00e9 par : LIONEL PRADO 900 route de Cannes CS1 06560 VALBONNE Directeur de publication : Lionel PRADO Publicit\u00e9 : Aucune publicit\u00e9 n\u2019est admise et affich\u00e9e sur ce site. Confidentialit\u00e9 Les informations personnelles concernant les visiteurs de notre site, y compris leur identit\u00e9, sont confidentielles. Le responsable du site... View Article\" \/>\n<meta property=\"og:url\" content=\"https:\/\/www.lionelprado.com\/mentions-legales\/\" \/>\n<meta property=\"og:site_name\" content=\"Lionel Prado | Author Photographer influenced by nature\" \/>\n<meta property=\"article:publisher\" content=\"https:\/\/www.facebook.com\/LionelPrado\/\" \/>\n<meta property=\"article:modified_time\" content=\"2019-11-12T10:18:07+00:00\" \/>\n<meta property=\"og:image\" content=\"https:\/\/www.lionelprado.com\/wp-content\/uploads\/2020\/01\/stages_animalier.jpg\" \/>\n\t<meta property=\"og:image:width\" content=\"1200\" \/>\n\t<meta property=\"og:image:height\" content=\"630\" \/>\n\t<meta property=\"og:image:type\" content=\"image\/jpeg\" \/>\n<meta name=\"twitter:label1\" content=\"Est. reading time\" \/>\n\t<meta name=\"twitter:data1\" content=\"4 minutes\" \/>\n<script type=\"application\/ld+json\" class=\"yoast-schema-graph\">{\"@context\":\"https:\\\/\\\/schema.org\",\"@graph\":[{\"@type\":\"WebPage\",\"@id\":\"https:\\\/\\\/www.lionelprado.com\\\/mentions-legales\\\/\",\"url\":\"https:\\\/\\\/www.lionelprado.com\\\/mentions-legales\\\/\",\"name\":\"Legal Mentions | Lionel Prado | Author Photographer influenced by nature\",\"isPartOf\":{\"@id\":\"https:\\\/\\\/www.lionelprado.com\\\/#website\"},\"datePublished\":\"2018-03-23T16:46:34+00:00\",\"dateModified\":\"2019-11-12T10:18:07+00:00\",\"breadcrumb\":{\"@id\":\"https:\\\/\\\/www.lionelprado.com\\\/mentions-legales\\\/#breadcrumb\"},\"inLanguage\":\"en-US\",\"potentialAction\":[{\"@type\":\"ReadAction\",\"target\":[\"https:\\\/\\\/www.lionelprado.com\\\/mentions-legales\\\/\"]}]},{\"@type\":\"BreadcrumbList\",\"@id\":\"https:\\\/\\\/www.lionelprado.com\\\/mentions-legales\\\/#breadcrumb\",\"itemListElement\":[{\"@type\":\"ListItem\",\"position\":1,\"name\":\"Accueil\",\"item\":\"https:\\\/\\\/www.lionelprado.com\\\/\"},{\"@type\":\"ListItem\",\"position\":2,\"name\":\"Legal Mentions\"}]},{\"@type\":\"WebSite\",\"@id\":\"https:\\\/\\\/www.lionelprado.com\\\/#website\",\"url\":\"https:\\\/\\\/www.lionelprado.com\\\/\",\"name\":\"Lionel Prado | Author Photographer influenced by nature\",\"description\":\"Young self-taught from the southern french Alps, who has always been influenced by nature, especially by original atmospheres.\",\"potentialAction\":[{\"@type\":\"SearchAction\",\"target\":{\"@type\":\"EntryPoint\",\"urlTemplate\":\"https:\\\/\\\/www.lionelprado.com\\\/?s={search_term_string}\"},\"query-input\":{\"@type\":\"PropertyValueSpecification\",\"valueRequired\":true,\"valueName\":\"search_term_string\"}}],\"inLanguage\":\"en-US\"}]}<\/script>\n<!-- \/ Yoast SEO plugin. -->","yoast_head_json":{"title":"Legal Mentions | Lionel Prado | Author Photographer influenced by nature","robots":{"index":"index","follow":"follow","max-snippet":"max-snippet:-1","max-image-preview":"max-image-preview:large","max-video-preview":"max-video-preview:-1"},"canonical":"https:\/\/www.lionelprado.com\/en\/mentions-legales\/","og_locale":"en_US","og_type":"article","og_title":"Legal Mentions | Lionel Prado | Author Photographer influenced by nature","og_description":"\u00c9diteur Le site web www.lionelprado.com est \u00e9dit\u00e9 par : LIONEL PRADO 900 route de Cannes CS1 06560 VALBONNE Directeur de publication : Lionel PRADO Publicit\u00e9 : Aucune publicit\u00e9 n\u2019est admise et affich\u00e9e sur ce site. Confidentialit\u00e9 Les informations personnelles concernant les visiteurs de notre site, y compris leur identit\u00e9, sont confidentielles. Le responsable du site... View Article","og_url":"https:\/\/www.lionelprado.com\/mentions-legales\/","og_site_name":"Lionel Prado | Author Photographer influenced by nature","article_publisher":"https:\/\/www.facebook.com\/LionelPrado\/","article_modified_time":"2019-11-12T10:18:07+00:00","og_image":[{"width":1200,"height":630,"url":"https:\/\/www.lionelprado.com\/wp-content\/uploads\/2020\/01\/stages_animalier.jpg","type":"image\/jpeg"}],"twitter_misc":{"Est. reading time":"4 minutes"},"schema":{"@context":"https:\/\/schema.org","@graph":[{"@type":"WebPage","@id":"https:\/\/www.lionelprado.com\/mentions-legales\/","url":"https:\/\/www.lionelprado.com\/mentions-legales\/","name":"Legal Mentions | Lionel Prado | Author Photographer influenced by nature","isPartOf":{"@id":"https:\/\/www.lionelprado.com\/#website"},"datePublished":"2018-03-23T16:46:34+00:00","dateModified":"2019-11-12T10:18:07+00:00","breadcrumb":{"@id":"https:\/\/www.lionelprado.com\/mentions-legales\/#breadcrumb"},"inLanguage":"en-US","potentialAction":[{"@type":"ReadAction","target":["https:\/\/www.lionelprado.com\/mentions-legales\/"]}]},{"@type":"BreadcrumbList","@id":"https:\/\/www.lionelprado.com\/mentions-legales\/#breadcrumb","itemListElement":[{"@type":"ListItem","position":1,"name":"Accueil","item":"https:\/\/www.lionelprado.com\/"},{"@type":"ListItem","position":2,"name":"Legal Mentions"}]},{"@type":"WebSite","@id":"https:\/\/www.lionelprado.com\/#website","url":"https:\/\/www.lionelprado.com\/","name":"Lionel Prado | Author Photographer influenced by nature","description":"Young self-taught from the southern french Alps, who has always been influenced by nature, especially by original atmospheres.","potentialAction":[{"@type":"SearchAction","target":{"@type":"EntryPoint","urlTemplate":"https:\/\/www.lionelprado.com\/?s={search_term_string}"},"query-input":{"@type":"PropertyValueSpecification","valueRequired":true,"valueName":"search_term_string"}}],"inLanguage":"en-US"}]}},"_links":{"self":[{"href":"https:\/\/www.lionelprado.com\/en\/wp-json\/wp\/v2\/pages\/2705\/"}],"collection":[{"href":"https:\/\/www.lionelprado.com\/en\/wp-json\/wp\/v2\/pages\/"}],"about":[{"href":"https:\/\/www.lionelprado.com\/en\/wp-json\/wp\/v2\/types\/page\/"}],"author":[{"embeddable":true,"href":"https:\/\/www.lionelprado.com\/en\/wp-json\/wp\/v2\/users\/1\/"}],"replies":[{"embeddable":true,"href":"https:\/\/www.lionelprado.com\/en\/wp-json\/wp\/v2\/comments\/?post=2705"}],"version-history":[{"count":4,"href":"https:\/\/www.lionelprado.com\/en\/wp-json\/wp\/v2\/pages\/2705\/revisions\/"}],"predecessor-version":[{"id":4490,"href":"https:\/\/www.lionelprado.com\/en\/wp-json\/wp\/v2\/pages\/2705\/revisions\/4490\/"}],"wp:attachment":[{"href":"https:\/\/www.lionelprado.com\/en\/wp-json\/wp\/v2\/media\/?parent=2705"}],"curies":[{"name":"wp","href":"https:\/\/api.w.org\/{rel}","templated":true}]}}