{"id":5340,"date":"2021-02-01T15:22:26","date_gmt":"2021-02-01T15:22:26","guid":{"rendered":"https:\/\/www.lionelprado.com\/produit\/sabandonner-au-sauvage-vod\/"},"modified":"2025-04-07T10:36:48","modified_gmt":"2025-04-07T10:36:48","slug":"sabandonner-au-sauvage-vod","status":"publish","type":"product","link":"https:\/\/www.lionelprado.com\/en\/produit\/sabandonner-au-sauvage-vod\/","title":{"rendered":"S&#8217;ABANDONNER AU SAUVAGE (VOD)"},"content":{"rendered":"<p>Language: French<\/p>\n<p>Subtitles: No<\/p>\n<p>Duration: 27 min<\/p>\n<p>Sound: stereo<\/p>\n<p>Cinemascope: 2:35<\/p>\n<h2>SYNOPSIS<\/h2>\n<p>A canoe journey in total wilderness : 25 days along a wild river of 500 km. Turning back to the rhythm of nature, in the boreal forest of the Canadian Far North.<\/p>\n<p><iframe loading=\"lazy\" src=\"https:\/\/player.vimeo.com\/video\/266570788?title=0&amp;byline=0&amp;portrait=0\" width=\"100%\" height=\"636\" frameborder=\"0\" allowfullscreen=\"allowfullscreen\"><\/iframe><\/p>\n","protected":false},"excerpt":{"rendered":"Discover the film S&#8217;abandonner au sauvage (streaming).\r\n\r\n<em>(unlimited access, once the film purchased)<\/em>","protected":false},"featured_media":5059,"template":"","meta":[],"product_brand":[],"product_cat":[127],"product_tag":[],"class_list":{"0":"post-5340","1":"product","2":"type-product","3":"status-publish","4":"has-post-thumbnail","6":"product_cat-vod","8":"first","9":"instock","10":"downloadable","11":"virtual","12":"purchasable","13":"product-type-simple"},"yoast_head":"<!-- This site is optimized with the Yoast SEO plugin v27.4 - https:\/\/yoast.com\/product\/yoast-seo-wordpress\/ -->\n<title>S&#039;ABANDONNER AU SAUVAGE (VOD) | Lionel Prado | Author Photographer influenced by nature<\/title>\n<meta name=\"description\" content=\"Cette \u00e9dition comprend le DVD du film, le CD avec la bande originale compos\u00e9e par HOENIX et un d\u00e9pliant sur les cl\u00e9s spirituelles du film.\" \/>\n<meta name=\"robots\" content=\"index, follow, max-snippet:-1, max-image-preview:large, max-video-preview:-1\" \/>\n<link rel=\"canonical\" href=\"https:\/\/www.lionelprado.com\/en\/produit\/sabandonner-au-sauvage-vod\/\" \/>\n<meta property=\"og:locale\" content=\"en_US\" \/>\n<meta property=\"og:type\" content=\"article\" \/>\n<meta property=\"og:title\" content=\"S&#039;ABANDONNER AU SAUVAGE (VOD) | Lionel Prado | Author Photographer influenced by nature\" \/>\n<meta property=\"og:description\" content=\"Cette \u00e9dition comprend le DVD du film, le CD avec la bande originale compos\u00e9e par HOENIX et un d\u00e9pliant sur les cl\u00e9s spirituelles du film.\" \/>\n<meta property=\"og:url\" content=\"https:\/\/www.lionelprado.com\/produit\/sabandonner-au-sauvage-vod\/\" \/>\n<meta property=\"og:site_name\" content=\"Lionel Prado | Author Photographer influenced by nature\" \/>\n<meta property=\"article:publisher\" content=\"https:\/\/www.facebook.com\/LionelPrado\/\" \/>\n<meta property=\"article:modified_time\" content=\"2025-04-07T10:36:48+00:00\" \/>\n<meta property=\"og:image\" content=\"https:\/\/www.lionelprado.com\/wp-content\/uploads\/2021\/02\/sqaure_affiche_1500.jpg\" \/>\n\t<meta property=\"og:image:width\" content=\"1500\" \/>\n\t<meta property=\"og:image:height\" content=\"1500\" \/>\n\t<meta property=\"og:image:type\" content=\"image\/jpeg\" \/>\n<script type=\"application\/ld+json\" class=\"yoast-schema-graph\">{\"@context\":\"https:\\\/\\\/schema.org\",\"@graph\":[{\"@type\":\"WebPage\",\"@id\":\"https:\\\/\\\/www.lionelprado.com\\\/produit\\\/sabandonner-au-sauvage-vod\\\/\",\"url\":\"https:\\\/\\\/www.lionelprado.com\\\/produit\\\/sabandonner-au-sauvage-vod\\\/\",\"name\":\"S'ABANDONNER AU SAUVAGE (VOD) | Lionel Prado | Author Photographer influenced by nature\",\"isPartOf\":{\"@id\":\"https:\\\/\\\/www.lionelprado.com\\\/#website\"},\"primaryImageOfPage\":{\"@id\":\"https:\\\/\\\/www.lionelprado.com\\\/produit\\\/sabandonner-au-sauvage-vod\\\/#primaryimage\"},\"image\":{\"@id\":\"https:\\\/\\\/www.lionelprado.com\\\/produit\\\/sabandonner-au-sauvage-vod\\\/#primaryimage\"},\"thumbnailUrl\":\"https:\\\/\\\/www.lionelprado.com\\\/wp-content\\\/uploads\\\/2021\\\/02\\\/sqaure_affiche_1500.jpg\",\"datePublished\":\"2021-02-01T15:22:26+00:00\",\"dateModified\":\"2025-04-07T10:36:48+00:00\",\"description\":\"Cette \u00e9dition comprend le DVD du film, le CD avec la bande originale compos\u00e9e par HOENIX et un d\u00e9pliant sur les cl\u00e9s spirituelles du film.\",\"breadcrumb\":{\"@id\":\"https:\\\/\\\/www.lionelprado.com\\\/produit\\\/sabandonner-au-sauvage-vod\\\/#breadcrumb\"},\"inLanguage\":\"en-US\",\"potentialAction\":[{\"@type\":\"ReadAction\",\"target\":[\"https:\\\/\\\/www.lionelprado.com\\\/produit\\\/sabandonner-au-sauvage-vod\\\/\"]}]},{\"@type\":\"ImageObject\",\"inLanguage\":\"en-US\",\"@id\":\"https:\\\/\\\/www.lionelprado.com\\\/produit\\\/sabandonner-au-sauvage-vod\\\/#primaryimage\",\"url\":\"https:\\\/\\\/www.lionelprado.com\\\/wp-content\\\/uploads\\\/2021\\\/02\\\/sqaure_affiche_1500.jpg\",\"contentUrl\":\"https:\\\/\\\/www.lionelprado.com\\\/wp-content\\\/uploads\\\/2021\\\/02\\\/sqaure_affiche_1500.jpg\",\"width\":1500,\"height\":1500},{\"@type\":\"BreadcrumbList\",\"@id\":\"https:\\\/\\\/www.lionelprado.com\\\/produit\\\/sabandonner-au-sauvage-vod\\\/#breadcrumb\",\"itemListElement\":[{\"@type\":\"ListItem\",\"position\":1,\"name\":\"Accueil\",\"item\":\"https:\\\/\\\/www.lionelprado.com\\\/\"},{\"@type\":\"ListItem\",\"position\":2,\"name\":\"S&rsquo;ABANDONNER AU SAUVAGE (VOD)\"}]},{\"@type\":\"WebSite\",\"@id\":\"https:\\\/\\\/www.lionelprado.com\\\/#website\",\"url\":\"https:\\\/\\\/www.lionelprado.com\\\/\",\"name\":\"Lionel Prado | Author Photographer influenced by nature\",\"description\":\"Young self-taught from the southern french Alps, who has always been influenced by nature, especially by original atmospheres.\",\"potentialAction\":[{\"@type\":\"SearchAction\",\"target\":{\"@type\":\"EntryPoint\",\"urlTemplate\":\"https:\\\/\\\/www.lionelprado.com\\\/?s={search_term_string}\"},\"query-input\":{\"@type\":\"PropertyValueSpecification\",\"valueRequired\":true,\"valueName\":\"search_term_string\"}}],\"inLanguage\":\"en-US\"}]}<\/script>\n<!-- \/ Yoast SEO plugin. -->","yoast_head_json":{"title":"S'ABANDONNER AU SAUVAGE (VOD) | Lionel Prado | Author Photographer influenced by nature","description":"Cette \u00e9dition comprend le DVD du film, le CD avec la bande originale compos\u00e9e par HOENIX et un d\u00e9pliant sur les cl\u00e9s spirituelles du film.","robots":{"index":"index","follow":"follow","max-snippet":"max-snippet:-1","max-image-preview":"max-image-preview:large","max-video-preview":"max-video-preview:-1"},"canonical":"https:\/\/www.lionelprado.com\/en\/produit\/sabandonner-au-sauvage-vod\/","og_locale":"en_US","og_type":"article","og_title":"S'ABANDONNER AU SAUVAGE (VOD) | Lionel Prado | Author Photographer influenced by nature","og_description":"Cette \u00e9dition comprend le DVD du film, le CD avec la bande originale compos\u00e9e par HOENIX et un d\u00e9pliant sur les cl\u00e9s spirituelles du film.","og_url":"https:\/\/www.lionelprado.com\/produit\/sabandonner-au-sauvage-vod\/","og_site_name":"Lionel Prado | Author Photographer influenced by nature","article_publisher":"https:\/\/www.facebook.com\/LionelPrado\/","article_modified_time":"2025-04-07T10:36:48+00:00","og_image":[{"width":1500,"height":1500,"url":"https:\/\/www.lionelprado.com\/wp-content\/uploads\/2021\/02\/sqaure_affiche_1500.jpg","type":"image\/jpeg"}],"schema":{"@context":"https:\/\/schema.org","@graph":[{"@type":"WebPage","@id":"https:\/\/www.lionelprado.com\/produit\/sabandonner-au-sauvage-vod\/","url":"https:\/\/www.lionelprado.com\/produit\/sabandonner-au-sauvage-vod\/","name":"S'ABANDONNER AU SAUVAGE (VOD) | Lionel Prado | Author Photographer influenced by nature","isPartOf":{"@id":"https:\/\/www.lionelprado.com\/#website"},"primaryImageOfPage":{"@id":"https:\/\/www.lionelprado.com\/produit\/sabandonner-au-sauvage-vod\/#primaryimage"},"image":{"@id":"https:\/\/www.lionelprado.com\/produit\/sabandonner-au-sauvage-vod\/#primaryimage"},"thumbnailUrl":"https:\/\/www.lionelprado.com\/wp-content\/uploads\/2021\/02\/sqaure_affiche_1500.jpg","datePublished":"2021-02-01T15:22:26+00:00","dateModified":"2025-04-07T10:36:48+00:00","description":"Cette \u00e9dition comprend le DVD du film, le CD avec la bande originale compos\u00e9e par HOENIX et un d\u00e9pliant sur les cl\u00e9s spirituelles du film.","breadcrumb":{"@id":"https:\/\/www.lionelprado.com\/produit\/sabandonner-au-sauvage-vod\/#breadcrumb"},"inLanguage":"en-US","potentialAction":[{"@type":"ReadAction","target":["https:\/\/www.lionelprado.com\/produit\/sabandonner-au-sauvage-vod\/"]}]},{"@type":"ImageObject","inLanguage":"en-US","@id":"https:\/\/www.lionelprado.com\/produit\/sabandonner-au-sauvage-vod\/#primaryimage","url":"https:\/\/www.lionelprado.com\/wp-content\/uploads\/2021\/02\/sqaure_affiche_1500.jpg","contentUrl":"https:\/\/www.lionelprado.com\/wp-content\/uploads\/2021\/02\/sqaure_affiche_1500.jpg","width":1500,"height":1500},{"@type":"BreadcrumbList","@id":"https:\/\/www.lionelprado.com\/produit\/sabandonner-au-sauvage-vod\/#breadcrumb","itemListElement":[{"@type":"ListItem","position":1,"name":"Accueil","item":"https:\/\/www.lionelprado.com\/"},{"@type":"ListItem","position":2,"name":"S&rsquo;ABANDONNER AU SAUVAGE (VOD)"}]},{"@type":"WebSite","@id":"https:\/\/www.lionelprado.com\/#website","url":"https:\/\/www.lionelprado.com\/","name":"Lionel Prado | Author Photographer influenced by nature","description":"Young self-taught from the southern french Alps, who has always been influenced by nature, especially by original atmospheres.","potentialAction":[{"@type":"SearchAction","target":{"@type":"EntryPoint","urlTemplate":"https:\/\/www.lionelprado.com\/?s={search_term_string}"},"query-input":{"@type":"PropertyValueSpecification","valueRequired":true,"valueName":"search_term_string"}}],"inLanguage":"en-US"}]}},"_links":{"self":[{"href":"https:\/\/www.lionelprado.com\/en\/wp-json\/wp\/v2\/product\/5340\/"}],"collection":[{"href":"https:\/\/www.lionelprado.com\/en\/wp-json\/wp\/v2\/product\/"}],"about":[{"href":"https:\/\/www.lionelprado.com\/en\/wp-json\/wp\/v2\/types\/product\/"}],"wp:featuredmedia":[{"embeddable":true,"href":"https:\/\/www.lionelprado.com\/en\/wp-json\/wp\/v2\/media\/5059\/"}],"wp:attachment":[{"href":"https:\/\/www.lionelprado.com\/en\/wp-json\/wp\/v2\/media\/?parent=5340"}],"wp:term":[{"taxonomy":"product_brand","embeddable":true,"href":"https:\/\/www.lionelprado.com\/en\/wp-json\/wp\/v2\/product_brand\/?post=5340"},{"taxonomy":"product_cat","embeddable":true,"href":"https:\/\/www.lionelprado.com\/en\/wp-json\/wp\/v2\/product_cat\/?post=5340"},{"taxonomy":"product_tag","embeddable":true,"href":"https:\/\/www.lionelprado.com\/en\/wp-json\/wp\/v2\/product_tag\/?post=5340"}],"curies":[{"name":"wp","href":"https:\/\/api.w.org\/{rel}","templated":true}]}}