{"id":5359,"date":"2021-02-02T13:27:34","date_gmt":"2021-02-02T13:27:34","guid":{"rendered":"https:\/\/www.lionelprado.com\/produit\/introspection-vod\/"},"modified":"2025-04-25T08:27:59","modified_gmt":"2025-04-25T08:27:59","slug":"introspection-vod","status":"publish","type":"product","link":"https:\/\/www.lionelprado.com\/en\/produit\/introspection-vod\/","title":{"rendered":"INTROSPECTION (VOD)"},"content":{"rendered":"<h2>CARACTERISTIQUES<\/h2>\n<p>Language: French<\/p>\n<p>Subtitles: english, deutsche, italian.<\/p>\n<p>Duration: 16 min<\/p>\n<p>Sound: st\u00e9r\u00e9o<\/p>\n<p>Cinemascope: 2:35<\/p>\n<h2>SYNOPSIS<\/h2>\n<p>&#8220;Introspection is self-awareness. The freedom to liberate oneself from the known and to evolve towards one&#8217;s own truth.&#8221;<\/p>\n<p>Overwhelmed by hyper-connection and the excess of information, it is difficult to focus on our inner life. The INTROSPECTION film takes you on a quest for a real life: the exploration of our emotions and our feelings.<\/p>\n<p>Follow the quest of Lionel PRADO and discover the nature of the Mercantour. A poetic journey which combines breathtaking landscapes and animal encounters.<\/p>\n<p><iframe loading=\"lazy\" width=\"100%\" height=\"600\" src=\"https:\/\/www.youtube.com\/embed\/szyyIudm6jY\" title=\"YouTube video player\" frameborder=\"0\" allow=\"accelerometer; autoplay; clipboard-write; encrypted-media; gyroscope; picture-in-picture\" allowfullscreen><\/iframe><\/p>\n","protected":false},"excerpt":{"rendered":"Discover the film Introspection (streaming).\r\n\r\n<em>(unlimited access, once the film purchased)<\/em>","protected":false},"featured_media":5066,"template":"","meta":[],"product_brand":[],"product_cat":[127],"product_tag":[],"class_list":{"0":"post-5359","1":"product","2":"type-product","3":"status-publish","4":"has-post-thumbnail","6":"product_cat-vod","8":"first","9":"instock","10":"downloadable","11":"virtual","12":"purchasable","13":"product-type-simple"},"yoast_head":"<!-- This site is optimized with the Yoast SEO plugin v27.6 - https:\/\/yoast.com\/product\/yoast-seo-wordpress\/ -->\n<title>INTROSPECTION (VOD) | Lionel Prado | Author Photographer influenced by nature<\/title>\n<meta name=\"description\" content=\"Cette \u00e9dition comprend le DVD du film, le CD avec la bande originale compos\u00e9e par HOENIX et un d\u00e9pliant sur les cl\u00e9s spirituelles du film.\" \/>\n<meta name=\"robots\" content=\"index, follow, max-snippet:-1, max-image-preview:large, max-video-preview:-1\" \/>\n<link rel=\"canonical\" href=\"https:\/\/www.lionelprado.com\/en\/produit\/introspection-vod\/\" \/>\n<meta property=\"og:locale\" content=\"en_US\" \/>\n<meta property=\"og:type\" content=\"article\" \/>\n<meta property=\"og:title\" content=\"INTROSPECTION (VOD) | Lionel Prado | Author Photographer influenced by nature\" \/>\n<meta property=\"og:description\" content=\"Cette \u00e9dition comprend le DVD du film, le CD avec la bande originale compos\u00e9e par HOENIX et un d\u00e9pliant sur les cl\u00e9s spirituelles du film.\" \/>\n<meta property=\"og:url\" content=\"https:\/\/www.lionelprado.com\/produit\/introspection-vod\/\" \/>\n<meta property=\"og:site_name\" content=\"Lionel Prado | Author Photographer influenced by nature\" \/>\n<meta property=\"article:publisher\" content=\"https:\/\/www.facebook.com\/LionelPrado\/\" \/>\n<meta property=\"article:modified_time\" content=\"2025-04-25T08:27:59+00:00\" \/>\n<meta property=\"og:image\" content=\"https:\/\/www.lionelprado.com\/wp-content\/uploads\/2021\/02\/intros_prod.jpg\" \/>\n\t<meta property=\"og:image:width\" content=\"638\" \/>\n\t<meta property=\"og:image:height\" content=\"638\" \/>\n\t<meta property=\"og:image:type\" content=\"image\/jpeg\" \/>\n<meta name=\"twitter:label1\" content=\"Est. reading time\" \/>\n\t<meta name=\"twitter:data1\" content=\"1 minute\" \/>\n<script type=\"application\/ld+json\" class=\"yoast-schema-graph\">{\"@context\":\"https:\\\/\\\/schema.org\",\"@graph\":[{\"@type\":\"WebPage\",\"@id\":\"https:\\\/\\\/www.lionelprado.com\\\/produit\\\/introspection-vod\\\/\",\"url\":\"https:\\\/\\\/www.lionelprado.com\\\/produit\\\/introspection-vod\\\/\",\"name\":\"INTROSPECTION (VOD) | Lionel Prado | Author Photographer influenced by nature\",\"isPartOf\":{\"@id\":\"https:\\\/\\\/www.lionelprado.com\\\/#website\"},\"primaryImageOfPage\":{\"@id\":\"https:\\\/\\\/www.lionelprado.com\\\/produit\\\/introspection-vod\\\/#primaryimage\"},\"image\":{\"@id\":\"https:\\\/\\\/www.lionelprado.com\\\/produit\\\/introspection-vod\\\/#primaryimage\"},\"thumbnailUrl\":\"https:\\\/\\\/www.lionelprado.com\\\/wp-content\\\/uploads\\\/2021\\\/02\\\/intros_prod.jpg\",\"datePublished\":\"2021-02-02T13:27:34+00:00\",\"dateModified\":\"2025-04-25T08:27:59+00:00\",\"description\":\"Cette \u00e9dition comprend le DVD du film, le CD avec la bande originale compos\u00e9e par HOENIX et un d\u00e9pliant sur les cl\u00e9s spirituelles du film.\",\"breadcrumb\":{\"@id\":\"https:\\\/\\\/www.lionelprado.com\\\/produit\\\/introspection-vod\\\/#breadcrumb\"},\"inLanguage\":\"en-US\",\"potentialAction\":[{\"@type\":\"ReadAction\",\"target\":[\"https:\\\/\\\/www.lionelprado.com\\\/produit\\\/introspection-vod\\\/\"]}]},{\"@type\":\"ImageObject\",\"inLanguage\":\"en-US\",\"@id\":\"https:\\\/\\\/www.lionelprado.com\\\/produit\\\/introspection-vod\\\/#primaryimage\",\"url\":\"https:\\\/\\\/www.lionelprado.com\\\/wp-content\\\/uploads\\\/2021\\\/02\\\/intros_prod.jpg\",\"contentUrl\":\"https:\\\/\\\/www.lionelprado.com\\\/wp-content\\\/uploads\\\/2021\\\/02\\\/intros_prod.jpg\",\"width\":638,\"height\":638},{\"@type\":\"BreadcrumbList\",\"@id\":\"https:\\\/\\\/www.lionelprado.com\\\/produit\\\/introspection-vod\\\/#breadcrumb\",\"itemListElement\":[{\"@type\":\"ListItem\",\"position\":1,\"name\":\"Accueil\",\"item\":\"https:\\\/\\\/www.lionelprado.com\\\/\"},{\"@type\":\"ListItem\",\"position\":2,\"name\":\"INTROSPECTION (VOD)\"}]},{\"@type\":\"WebSite\",\"@id\":\"https:\\\/\\\/www.lionelprado.com\\\/#website\",\"url\":\"https:\\\/\\\/www.lionelprado.com\\\/\",\"name\":\"Lionel Prado | Author Photographer influenced by nature\",\"description\":\"Young self-taught from the southern french Alps, who has always been influenced by nature, especially by original atmospheres.\",\"potentialAction\":[{\"@type\":\"SearchAction\",\"target\":{\"@type\":\"EntryPoint\",\"urlTemplate\":\"https:\\\/\\\/www.lionelprado.com\\\/?s={search_term_string}\"},\"query-input\":{\"@type\":\"PropertyValueSpecification\",\"valueRequired\":true,\"valueName\":\"search_term_string\"}}],\"inLanguage\":\"en-US\"}]}<\/script>\n<!-- \/ Yoast SEO plugin. -->","yoast_head_json":{"title":"INTROSPECTION (VOD) | Lionel Prado | Author Photographer influenced by nature","description":"Cette \u00e9dition comprend le DVD du film, le CD avec la bande originale compos\u00e9e par HOENIX et un d\u00e9pliant sur les cl\u00e9s spirituelles du film.","robots":{"index":"index","follow":"follow","max-snippet":"max-snippet:-1","max-image-preview":"max-image-preview:large","max-video-preview":"max-video-preview:-1"},"canonical":"https:\/\/www.lionelprado.com\/en\/produit\/introspection-vod\/","og_locale":"en_US","og_type":"article","og_title":"INTROSPECTION (VOD) | Lionel Prado | Author Photographer influenced by nature","og_description":"Cette \u00e9dition comprend le DVD du film, le CD avec la bande originale compos\u00e9e par HOENIX et un d\u00e9pliant sur les cl\u00e9s spirituelles du film.","og_url":"https:\/\/www.lionelprado.com\/produit\/introspection-vod\/","og_site_name":"Lionel Prado | Author Photographer influenced by nature","article_publisher":"https:\/\/www.facebook.com\/LionelPrado\/","article_modified_time":"2025-04-25T08:27:59+00:00","og_image":[{"width":638,"height":638,"url":"https:\/\/www.lionelprado.com\/wp-content\/uploads\/2021\/02\/intros_prod.jpg","type":"image\/jpeg"}],"twitter_misc":{"Est. reading time":"1 minute"},"schema":{"@context":"https:\/\/schema.org","@graph":[{"@type":"WebPage","@id":"https:\/\/www.lionelprado.com\/produit\/introspection-vod\/","url":"https:\/\/www.lionelprado.com\/produit\/introspection-vod\/","name":"INTROSPECTION (VOD) | Lionel Prado | Author Photographer influenced by nature","isPartOf":{"@id":"https:\/\/www.lionelprado.com\/#website"},"primaryImageOfPage":{"@id":"https:\/\/www.lionelprado.com\/produit\/introspection-vod\/#primaryimage"},"image":{"@id":"https:\/\/www.lionelprado.com\/produit\/introspection-vod\/#primaryimage"},"thumbnailUrl":"https:\/\/www.lionelprado.com\/wp-content\/uploads\/2021\/02\/intros_prod.jpg","datePublished":"2021-02-02T13:27:34+00:00","dateModified":"2025-04-25T08:27:59+00:00","description":"Cette \u00e9dition comprend le DVD du film, le CD avec la bande originale compos\u00e9e par HOENIX et un d\u00e9pliant sur les cl\u00e9s spirituelles du film.","breadcrumb":{"@id":"https:\/\/www.lionelprado.com\/produit\/introspection-vod\/#breadcrumb"},"inLanguage":"en-US","potentialAction":[{"@type":"ReadAction","target":["https:\/\/www.lionelprado.com\/produit\/introspection-vod\/"]}]},{"@type":"ImageObject","inLanguage":"en-US","@id":"https:\/\/www.lionelprado.com\/produit\/introspection-vod\/#primaryimage","url":"https:\/\/www.lionelprado.com\/wp-content\/uploads\/2021\/02\/intros_prod.jpg","contentUrl":"https:\/\/www.lionelprado.com\/wp-content\/uploads\/2021\/02\/intros_prod.jpg","width":638,"height":638},{"@type":"BreadcrumbList","@id":"https:\/\/www.lionelprado.com\/produit\/introspection-vod\/#breadcrumb","itemListElement":[{"@type":"ListItem","position":1,"name":"Accueil","item":"https:\/\/www.lionelprado.com\/"},{"@type":"ListItem","position":2,"name":"INTROSPECTION (VOD)"}]},{"@type":"WebSite","@id":"https:\/\/www.lionelprado.com\/#website","url":"https:\/\/www.lionelprado.com\/","name":"Lionel Prado | Author Photographer influenced by nature","description":"Young self-taught from the southern french Alps, who has always been influenced by nature, especially by original atmospheres.","potentialAction":[{"@type":"SearchAction","target":{"@type":"EntryPoint","urlTemplate":"https:\/\/www.lionelprado.com\/?s={search_term_string}"},"query-input":{"@type":"PropertyValueSpecification","valueRequired":true,"valueName":"search_term_string"}}],"inLanguage":"en-US"}]}},"_links":{"self":[{"href":"https:\/\/www.lionelprado.com\/en\/wp-json\/wp\/v2\/product\/5359\/"}],"collection":[{"href":"https:\/\/www.lionelprado.com\/en\/wp-json\/wp\/v2\/product\/"}],"about":[{"href":"https:\/\/www.lionelprado.com\/en\/wp-json\/wp\/v2\/types\/product\/"}],"wp:featuredmedia":[{"embeddable":true,"href":"https:\/\/www.lionelprado.com\/en\/wp-json\/wp\/v2\/media\/5066\/"}],"wp:attachment":[{"href":"https:\/\/www.lionelprado.com\/en\/wp-json\/wp\/v2\/media\/?parent=5359"}],"wp:term":[{"taxonomy":"product_brand","embeddable":true,"href":"https:\/\/www.lionelprado.com\/en\/wp-json\/wp\/v2\/product_brand\/?post=5359"},{"taxonomy":"product_cat","embeddable":true,"href":"https:\/\/www.lionelprado.com\/en\/wp-json\/wp\/v2\/product_cat\/?post=5359"},{"taxonomy":"product_tag","embeddable":true,"href":"https:\/\/www.lionelprado.com\/en\/wp-json\/wp\/v2\/product_tag\/?post=5359"}],"curies":[{"name":"wp","href":"https:\/\/api.w.org\/{rel}","templated":true}]}}